{"id":331,"date":"2023-03-02T11:42:57","date_gmt":"2023-03-02T11:42:57","guid":{"rendered":"http:\/\/www.osti.edu.rs\/?page_id=331"},"modified":"2026-01-12T20:05:11","modified_gmt":"2026-01-12T20:05:11","slug":"oktatas","status":"publish","type":"page","link":"https:\/\/www.osti.edu.rs\/sr\/oktatas\/","title":{"rendered":"Nastava"},"content":{"rendered":"<div class=\"wp-block-file\"><a id=\"wp-block-file--media-275c00e8-3626-4fd0-a02e-7107e38462ce\" href=\"https:\/\/media1.osti.edu.rs\/2026\/01\/Naptar-kep-1.png\">Iskolanapt\u00e1r 2025-2026<\/a><a href=\"https:\/\/media1.osti.edu.rs\/2026\/01\/Naptar-kep-1.png\" class=\"wp-block-file__button wp-element-button\" download aria-describedby=\"wp-block-file--media-275c00e8-3626-4fd0-a02e-7107e38462ce\">Download<\/a><\/div>\n\n\n\n<div class=\"wp-block-file\"><a id=\"wp-block-file--media-61783672-8766-4d48-99c5-f84b59662a28\" href=\"https:\/\/media1.osti.edu.rs\/2026\/01\/Dolgozatok-es-ellenorzo-feladatok-beosztasa-2025-2026-1-1.xlsx\">Dolgozatok \u00e9s ellen\u0151rz\u0151 feladatok beoszt\u00e1sa 2025-2026<\/a><a href=\"https:\/\/media1.osti.edu.rs\/2026\/01\/Dolgozatok-es-ellenorzo-feladatok-beosztasa-2025-2026-1-1.xlsx\" class=\"wp-block-file__button wp-element-button\" download aria-describedby=\"wp-block-file--media-61783672-8766-4d48-99c5-f84b59662a28\">Download<\/a><\/div>\n\n\n\n<div class=\"wp-block-file\"><a id=\"wp-block-file--media-f5b16fce-4b3c-4080-ae5d-56dbcd1e0d92\" href=\"https:\/\/media1.osti.edu.rs\/2026\/01\/Fogadoorak-potorak-es-szakkorok-beosztasa-2025-2026.-tanev.docx\">Fogad\u00f3\u00f3r\u00e1k, p\u00f3t\u00f3r\u00e1k \u00e9s szakk\u00f6r\u00f6k beoszt\u00e1sa, 2025-2026 tan\u00e9v<\/a><a href=\"https:\/\/media1.osti.edu.rs\/2026\/01\/Fogadoorak-potorak-es-szakkorok-beosztasa-2025-2026.-tanev.docx\" class=\"wp-block-file__button wp-element-button\" download aria-describedby=\"wp-block-file--media-f5b16fce-4b3c-4080-ae5d-56dbcd1e0d92\">Download<\/a><\/div>\n\n\n\n<div class=\"wp-block-file\"><a id=\"wp-block-file--media-909d1f7a-e877-43dc-82af-93690ced85c9\" href=\"https:\/\/media1.osti.edu.rs\/2025\/03\/Skolski_kalendar_2024-2025.docx\">\u0160kolski kalendar 2024-2025<\/a><a href=\"https:\/\/media1.osti.edu.rs\/2025\/03\/Skolski_kalendar_2024-2025.docx\" class=\"wp-block-file__button wp-element-button\" download aria-describedby=\"wp-block-file--media-909d1f7a-e877-43dc-82af-93690ced85c9\">Preuzimanje<\/a><\/div>\n\n\n\n<div class=\"wp-block-file\"><a id=\"wp-block-file--media-ce302dfe-c95f-4df2-9ed4-59df678c2a3c\" href=\"https:\/\/media1.osti.edu.rs\/2025\/03\/Godisnji_plan_rada_skole_2024-2025-2.docx\">Godi\u0161nji plan rada \u0161kole 2024-2025<\/a><a href=\"https:\/\/media1.osti.edu.rs\/2025\/03\/Godisnji_plan_rada_skole_2024-2025-2.docx\" class=\"wp-block-file__button wp-element-button\" download aria-describedby=\"wp-block-file--media-ce302dfe-c95f-4df2-9ed4-59df678c2a3c\">Preuzimanje<\/a><\/div>\n\n\n\n<div class=\"wp-block-file\"><a id=\"wp-block-file--media-9e5dbfb1-2ba9-4830-bd8e-27cba1525570\" href=\"https:\/\/media1.osti.edu.rs\/2025\/03\/Raspored_pisanih_provera_2024-2025.xlsx\">Raspored pisanih provera 2024-2025<\/a><a href=\"https:\/\/media1.osti.edu.rs\/2025\/03\/Raspored_pisanih_provera_2024-2025.xlsx\" class=\"wp-block-file__button wp-element-button\" download aria-describedby=\"wp-block-file--media-9e5dbfb1-2ba9-4830-bd8e-27cba1525570\">Preuzimanje<\/a><\/div>\n\n\n\n<div class=\"wp-block-file\"><a id=\"wp-block-file--media-f4c1a6e6-8a26-4b4d-baad-46603dfb342c\" href=\"https:\/\/media1.osti.edu.rs\/2025\/03\/Raspored_dopunske_i_dodatne_nastave_2024-2025.docx\">Raspored dopunske i dodatne nastave 2024-2025<\/a><a href=\"https:\/\/media1.osti.edu.rs\/2025\/03\/Raspored_dopunske_i_dodatne_nastave_2024-2025.docx\" class=\"wp-block-file__button wp-element-button\" download aria-describedby=\"wp-block-file--media-f4c1a6e6-8a26-4b4d-baad-46603dfb342c\">Preuzimanje<\/a><\/div>\n\n\n\n<div class=\"wp-block-file\"><a id=\"wp-block-file--media-6618db45-0c01-4897-b500-038c390d7b77\" href=\"https:\/\/media1.osti.edu.rs\/2024\/03\/Versenyeredmenyeink.docx\">Rezultati na takmi\u010denjima<\/a><a href=\"https:\/\/media1.osti.edu.rs\/2024\/03\/Versenyeredmenyeink.docx\" class=\"wp-block-file__button wp-element-button\" download aria-describedby=\"wp-block-file--media-6618db45-0c01-4897-b500-038c390d7b77\">Preuzimanje<\/a><\/div>\n\n\n\n<p><\/p>","protected":false},"excerpt":{"rendered":"","protected":false},"author":1,"featured_media":0,"parent":0,"menu_order":0,"comment_status":"closed","ping_status":"closed","template":"","meta":{"footnotes":""},"class_list":["post-331","page","type-page","status-publish","hentry"],"_links":{"self":[{"href":"https:\/\/www.osti.edu.rs\/sr\/wp-json\/wp\/v2\/pages\/331","targetHints":{"allow":["GET"]}}],"collection":[{"href":"https:\/\/www.osti.edu.rs\/sr\/wp-json\/wp\/v2\/pages"}],"about":[{"href":"https:\/\/www.osti.edu.rs\/sr\/wp-json\/wp\/v2\/types\/page"}],"author":[{"embeddable":true,"href":"https:\/\/www.osti.edu.rs\/sr\/wp-json\/wp\/v2\/users\/1"}],"replies":[{"embeddable":true,"href":"https:\/\/www.osti.edu.rs\/sr\/wp-json\/wp\/v2\/comments?post=331"}],"version-history":[{"count":8,"href":"https:\/\/www.osti.edu.rs\/sr\/wp-json\/wp\/v2\/pages\/331\/revisions"}],"predecessor-version":[{"id":832,"href":"https:\/\/www.osti.edu.rs\/sr\/wp-json\/wp\/v2\/pages\/331\/revisions\/832"}],"wp:attachment":[{"href":"https:\/\/www.osti.edu.rs\/sr\/wp-json\/wp\/v2\/media?parent=331"}],"curies":[{"name":"wp","href":"https:\/\/api.w.org\/{rel}","templated":true}]}}